{"id":4822,"date":"2021-08-28T12:01:15","date_gmt":"2021-08-28T12:01:15","guid":{"rendered":"https:\/\/epiccamps.com\/acerca-de\/"},"modified":"2026-01-08T20:21:14","modified_gmt":"2026-01-08T20:21:14","slug":"acerca-de","status":"publish","type":"page","link":"https:\/\/epiccamps.com\/es\/acerca-de\/","title":{"rendered":"Acerca de"},"content":{"rendered":"\t\t<div data-elementor-type=\"wp-page\" data-elementor-id=\"4822\" class=\"elementor elementor-4822 elementor-2394\" data-elementor-post-type=\"page\">\n\t\t\t\t\t\t<section class=\"elementor-section elementor-top-section elementor-element elementor-element-288fb409 elementor-section-stretched elementor-section-height-min-height elementor-section-boxed elementor-section-height-default elementor-section-items-middle\" data-id=\"288fb409\" data-element_type=\"section\" data-e-type=\"section\" data-settings=\"{&quot;stretch_section&quot;:&quot;section-stretched&quot;,&quot;background_background&quot;:&quot;classic&quot;,&quot;shape_divider_bottom&quot;:&quot;wave-brush&quot;}\">\n\t\t\t\t\t\t\t<div class=\"elementor-background-overlay\"><\/div>\n\t\t\t\t\t\t<div class=\"elementor-shape elementor-shape-bottom\" aria-hidden=\"true\" data-negative=\"false\">\n\t\t\t<svg xmlns=\"http:\/\/www.w3.org\/2000\/svg\" viewBox=\"0 0 283.5 27.8\" preserveAspectRatio=\"none\">\n\t<path class=\"elementor-shape-fill\" d=\"M283.5,9.7c0,0-7.3,4.3-14,4.6c-6.8,0.3-12.6,0-20.9-1.5c-11.3-2-33.1-10.1-44.7-5.7\ts-12.1,4.6-18,7.4c-6.6,3.2-20,9.6-36.6,9.3C131.6,23.5,99.5,7.2,86.3,8c-1.4,0.1-6.6,0.8-10.5,2c-3.8,1.2-9.4,3.8-17,4.7\tc-3.2,0.4-8.3,1.1-14.2,0.9c-1.5-0.1-6.3-0.4-12-1.6c-5.7-1.2-11-3.1-15.8-3.7C6.5,9.2,0,10.8,0,10.8V0h283.5V9.7z M260.8,11.3\tc-0.7-1-2-0.4-4.3-0.4c-2.3,0-6.1-1.2-5.8-1.1c0.3,0.1,3.1,1.5,6,1.9C259.7,12.2,261.4,12.3,260.8,11.3z M242.4,8.6\tc0,0-2.4-0.2-5.6-0.9c-3.2-0.8-10.3-2.8-15.1-3.5c-8.2-1.1-15.8,0-15.1,0.1c0.8,0.1,9.6-0.6,17.6,1.1c3.3,0.7,9.3,2.2,12.4,2.7\tC239.9,8.7,242.4,8.6,242.4,8.6z M185.2,8.5c1.7-0.7-13.3,4.7-18.5,6.1c-2.1,0.6-6.2,1.6-10,2c-3.9,0.4-8.9,0.4-8.8,0.5\tc0,0.2,5.8,0.8,11.2,0c5.4-0.8,5.2-1.1,7.6-1.6C170.5,14.7,183.5,9.2,185.2,8.5z M199.1,6.9c0.2,0-0.8-0.4-4.8,1.1\tc-4,1.5-6.7,3.5-6.9,3.7c-0.2,0.1,3.5-1.8,6.6-3C197,7.5,199,6.9,199.1,6.9z M283,6c-0.1,0.1-1.9,1.1-4.8,2.5s-6.9,2.8-6.7,2.7\tc0.2,0,3.5-0.6,7.4-2.5C282.8,6.8,283.1,5.9,283,6z M31.3,11.6c0.1-0.2-1.9-0.2-4.5-1.2s-5.4-1.6-7.8-2C15,7.6,7.3,8.5,7.7,8.6\tC8,8.7,15.9,8.3,20.2,9.3c2.2,0.5,2.4,0.5,5.7,1.6S31.2,11.9,31.3,11.6z M73,9.2c0.4-0.1,3.5-1.6,8.4-2.6c4.9-1.1,8.9-0.5,8.9-0.8\tc0-0.3-1-0.9-6.2-0.3S72.6,9.3,73,9.2z M71.6,6.7C71.8,6.8,75,5.4,77.3,5c2.3-0.3,1.9-0.5,1.9-0.6c0-0.1-1.1-0.2-2.7,0.2\tC74.8,5.1,71.4,6.6,71.6,6.7z M93.6,4.4c0.1,0.2,3.5,0.8,5.6,1.8c2.1,1,1.8,0.6,1.9,0.5c0.1-0.1-0.8-0.8-2.4-1.3\tC97.1,4.8,93.5,4.2,93.6,4.4z M65.4,11.1c-0.1,0.3,0.3,0.5,1.9-0.2s2.6-1.3,2.2-1.2s-0.9,0.4-2.5,0.8C65.3,10.9,65.5,10.8,65.4,11.1\tz M34.5,12.4c-0.2,0,2.1,0.8,3.3,0.9c1.2,0.1,2,0.1,2-0.2c0-0.3-0.1-0.5-1.6-0.4C36.6,12.8,34.7,12.4,34.5,12.4z M152.2,21.1\tc-0.1,0.1-2.4-0.3-7.5-0.3c-5,0-13.6-2.4-17.2-3.5c-3.6-1.1,10,3.9,16.5,4.1C150.5,21.6,152.3,21,152.2,21.1z\"\/>\n\t<path class=\"elementor-shape-fill\" d=\"M269.6,18c-0.1-0.1-4.6,0.3-7.2,0c-7.3-0.7-17-3.2-16.6-2.9c0.4,0.3,13.7,3.1,17,3.3\tC267.7,18.8,269.7,18,269.6,18z\"\/>\n\t<path class=\"elementor-shape-fill\" d=\"M227.4,9.8c-0.2-0.1-4.5-1-9.5-1.2c-5-0.2-12.7,0.6-12.3,0.5c0.3-0.1,5.9-1.8,13.3-1.2\tS227.6,9.9,227.4,9.8z\"\/>\n\t<path class=\"elementor-shape-fill\" d=\"M204.5,13.4c-0.1-0.1,2-1,3.2-1.1c1.2-0.1,2,0,2,0.3c0,0.3-0.1,0.5-1.6,0.4\tC206.4,12.9,204.6,13.5,204.5,13.4z\"\/>\n\t<path class=\"elementor-shape-fill\" d=\"M201,10.6c0-0.1-4.4,1.2-6.3,2.2c-1.9,0.9-6.2,3.1-6.1,3.1c0.1,0.1,4.2-1.6,6.3-2.6\tS201,10.7,201,10.6z\"\/>\n\t<path class=\"elementor-shape-fill\" d=\"M154.5,26.7c-0.1-0.1-4.6,0.3-7.2,0c-7.3-0.7-17-3.2-16.6-2.9c0.4,0.3,13.7,3.1,17,3.3\tC152.6,27.5,154.6,26.8,154.5,26.7z\"\/>\n\t<path class=\"elementor-shape-fill\" d=\"M41.9,19.3c0,0,1.2-0.3,2.9-0.1c1.7,0.2,5.8,0.9,8.2,0.7c4.2-0.4,7.4-2.7,7-2.6\tc-0.4,0-4.3,2.2-8.6,1.9c-1.8-0.1-5.1-0.5-6.7-0.4S41.9,19.3,41.9,19.3z\"\/>\n\t<path class=\"elementor-shape-fill\" d=\"M75.5,12.6c0.2,0.1,2-0.8,4.3-1.1c2.3-0.2,2.1-0.3,2.1-0.5c0-0.1-1.8-0.4-3.4,0\tC76.9,11.5,75.3,12.5,75.5,12.6z\"\/>\n\t<path class=\"elementor-shape-fill\" d=\"M15.6,13.2c0-0.1,4.3,0,6.7,0.5c2.4,0.5,5,1.9,5,2c0,0.1-2.7-0.8-5.1-1.4\tC19.9,13.7,15.7,13.3,15.6,13.2z\"\/>\n<\/svg>\t\t<\/div>\n\t\t\t\t\t<div class=\"elementor-container elementor-column-gap-default\">\n\t\t\t\t\t<div class=\"elementor-column elementor-col-100 elementor-top-column elementor-element elementor-element-14bd01ca\" data-id=\"14bd01ca\" data-element_type=\"column\" data-e-type=\"column\">\n\t\t\t<div class=\"elementor-widget-wrap elementor-element-populated\">\n\t\t\t\t\t\t<div class=\"elementor-element elementor-element-59ea62a9 elementor-widget elementor-widget-heading\" data-id=\"59ea62a9\" data-element_type=\"widget\" data-e-type=\"widget\" data-widget_type=\"heading.default\">\n\t\t\t\t<div class=\"elementor-widget-container\">\n\t\t\t\t\t<h1 class=\"elementor-heading-title elementor-size-xxl\">Acerca de<\/h1>\t\t\t\t<\/div>\n\t\t\t\t<\/div>\n\t\t\t\t\t<\/div>\n\t\t<\/div>\n\t\t\t\t\t<\/div>\n\t\t<\/section>\n\t\t\t\t<section class=\"elementor-section elementor-top-section elementor-element elementor-element-394333f elementor-section-boxed elementor-section-height-default elementor-section-height-default\" data-id=\"394333f\" data-element_type=\"section\" data-e-type=\"section\">\n\t\t\t\t\t\t<div class=\"elementor-container elementor-column-gap-default\">\n\t\t\t\t\t<div class=\"elementor-column elementor-col-100 elementor-top-column elementor-element elementor-element-b299062\" data-id=\"b299062\" data-element_type=\"column\" data-e-type=\"column\">\n\t\t\t<div class=\"elementor-widget-wrap elementor-element-populated\">\n\t\t\t\t\t\t<div class=\"elementor-element elementor-element-c2bd6e8 elementor-widget elementor-widget-heading\" data-id=\"c2bd6e8\" data-element_type=\"widget\" data-e-type=\"widget\" data-widget_type=\"heading.default\">\n\t\t\t\t<div class=\"elementor-widget-container\">\n\t\t\t\t\t<h2 class=\"elementor-heading-title elementor-size-default\">\u00a1Sobrecarga de aventuras!<\/h2>\t\t\t\t<\/div>\n\t\t\t\t<\/div>\n\t\t\t\t<div class=\"elementor-element elementor-element-89dda69 elementor-widget-divider--view-line elementor-widget elementor-widget-divider\" data-id=\"89dda69\" data-element_type=\"widget\" data-e-type=\"widget\" data-widget_type=\"divider.default\">\n\t\t\t\t<div class=\"elementor-widget-container\">\n\t\t\t\t\t\t\t<div class=\"elementor-divider\">\n\t\t\t<span class=\"elementor-divider-separator\">\n\t\t\t\t\t\t<\/span>\n\t\t<\/div>\n\t\t\t\t\t\t<\/div>\n\t\t\t\t<\/div>\n\t\t\t\t<div class=\"elementor-element elementor-element-3238555 elementor-widget elementor-widget-text-editor\" data-id=\"3238555\" data-element_type=\"widget\" data-e-type=\"widget\" data-widget_type=\"text-editor.default\">\n\t\t\t\t<div class=\"elementor-widget-container\">\n\t\t\t\t\t\t\t\t\t<p><b>EPIC CAMPS<\/b> ha sido considerado como uno de los mejores campamentos de aventura de verano en Whistler, British Columbia, durante los \u00faltimos 5 a\u00f1os. Lleno de deportes al aire libre, contacto con la naturaleza y actividades atractivas dirigidas por un staff entusiasta, Epic Camps ofrece experiencias inolvidables para todos los participantes.<\/p><p>El fundador Roberto, con la ayuda de su personal cualificado, ha dirigido muchos viajes y campamentos para ni\u00f1os, adolescentes y adultos. Este verano, su hijo puede aventurarse en el mundo <span style=\"color: #000000;\">del senderismo, el kayak, el camping, el ciclismo, la observaci\u00f3n de estrellas, el remo, el ciclismo de monta\u00f1a, la tirolesa y el rafting.<\/span><\/p><p>En su af\u00e1n por crear experiencias realmente extraordinarias, Epic Camps se centra en guiar a quienes buscan la pasi\u00f3n del estilo de vida de aventura en mente, y en apoyar a estas personas en su viaje por la naturaleza.<\/p>\t\t\t\t\t\t\t\t<\/div>\n\t\t\t\t<\/div>\n\t\t\t\t\t<\/div>\n\t\t<\/div>\n\t\t\t\t\t<\/div>\n\t\t<\/section>\n\t\t\t\t<section class=\"elementor-section elementor-top-section elementor-element elementor-element-2be4098 elementor-section-stretched elementor-section-boxed elementor-section-height-default elementor-section-height-default\" data-id=\"2be4098\" data-element_type=\"section\" data-e-type=\"section\" data-settings=\"{&quot;stretch_section&quot;:&quot;section-stretched&quot;,&quot;background_background&quot;:&quot;classic&quot;}\">\n\t\t\t\t\t\t<div class=\"elementor-container elementor-column-gap-default\">\n\t\t\t\t\t<div class=\"elementor-column elementor-col-100 elementor-top-column elementor-element elementor-element-3f209e9\" data-id=\"3f209e9\" data-element_type=\"column\" data-e-type=\"column\">\n\t\t\t<div class=\"elementor-widget-wrap elementor-element-populated\">\n\t\t\t\t\t\t<div class=\"elementor-element elementor-element-b219e7a elementor-widget elementor-widget-heading\" data-id=\"b219e7a\" data-element_type=\"widget\" data-e-type=\"widget\" data-widget_type=\"heading.default\">\n\t\t\t\t<div class=\"elementor-widget-container\">\n\t\t\t\t\t<h3 class=\"elementor-heading-title elementor-size-default\">Nuestro Fundador: Roberto Gibbons G\u00f3mez<\/h3>\t\t\t\t<\/div>\n\t\t\t\t<\/div>\n\t\t\t\t<section class=\"elementor-section elementor-inner-section elementor-element elementor-element-e96f591 elementor-section-boxed elementor-section-height-default elementor-section-height-default\" data-id=\"e96f591\" data-element_type=\"section\" data-e-type=\"section\">\n\t\t\t\t\t\t<div class=\"elementor-container elementor-column-gap-default\">\n\t\t\t\t\t<div class=\"elementor-column elementor-col-50 elementor-inner-column elementor-element elementor-element-2ee5c4e\" data-id=\"2ee5c4e\" data-element_type=\"column\" data-e-type=\"column\">\n\t\t\t<div class=\"elementor-widget-wrap elementor-element-populated\">\n\t\t\t\t\t\t<div class=\"elementor-element elementor-element-da3ec23 elementor-widget elementor-widget-text-editor\" data-id=\"da3ec23\" data-element_type=\"widget\" data-e-type=\"widget\" data-widget_type=\"text-editor.default\">\n\t\t\t\t<div class=\"elementor-widget-container\">\n\t\t\t\t\t\t\t\t\t<p><strong>Roberto Gibbons G\u00f3mez<\/strong> naci\u00f3 y creci\u00f3 en Montreal, Canad\u00e1, de madre mexicana y padre canadiense. Es explorador de backcountry, kitesurfista, expedicionario profesional, emprendedor, fot\u00f3grafo, vide\u00f3grafo, influencer y <i>bon vivant<\/i>. Con m\u00e1s de 35 pa\u00edses recorridos, la<i> alegr\u00eda de vivir<\/i> de Roberto impregna todo lo que crea.<\/p>\n<p>Licenciado en Sociolog\u00eda y Antropolog\u00eda por la Universidad de Concordia, la sed de aventura de Roberto le vino de asistir a campamentos infantiles en el este de Canad\u00e1. Siempre sonriente, puedes encontrarle haciendo kitesurf en las Islas Turcas y Caicos, buscando auroras boreales en Yellowknife, haciendo ciclismo en hidroavi\u00f3n en los Chilcotins, practicando kayak en las lagunas glaciares de Islandia, montando en bicicleta en Whistler o acampando en algunos de los lugares m\u00e1s espectaculares del mundo mientras fotograf\u00eda para marcas de renombre.<\/p>\n<p>Roberto habla tres idiomas -ingl\u00e9s, franc\u00e9s y espa\u00f1ol- y fue uno de los primeros en aprovechar Facebook para inspirar a otros a aventurarse m\u00e1s all\u00e1 de su zona de confort, al tiempo que creaba contenidos espectaculares para algunas de las marcas m\u00e1s reconocidas del mundo. Como padre de cuatro hijos -Mikio, Catalina, Ariella y Athena-, a Roberto no le resulta extra\u00f1o entretener a los ni\u00f1os. De hecho, a menudo los incluye en sus sesiones fotogr\u00e1ficas para marcas como Thule, Nemo Equipment, Whistler tourism, WhistlerBlackcomb, Jeep, Airstream, Trek, Quietkat, Pelican y muchas m\u00e1s.<\/p>\n<p>Sigue sus aventuras en Instagram (<strong><a href=\"https:\/\/www.instagram.com\/theexpeditioners\" target=\"_blank\" rel=\"noopener\">@theexpeditioners<\/a><\/strong>) y descubre todos los lugares incre\u00edbles a los que viajan \u00e9l y su familia. Con m\u00e1s de 200.000 seguidores en Facebook bajo su marca Expeditioners, Roberto y su familia llevan diez a\u00f1os siendo una fuente de confianza sobre destinos a los que viajar, equipos que explorar y aventuras que vivir. Present\u00f3 una serie de viajes en Discovery Channel de Canad\u00e1 con m\u00e1s de 90 millones de impresiones, y fue seleccionado para salir en televisi\u00f3n con motivo del 150 aniversario de Turismo de Canad\u00e1. Puedes seguir su d\u00eda a d\u00eda a trav\u00e9s de <a href=\"https:\/\/www.instagram.com\/expedsroberto\/\" target=\"_blank\" rel=\"noopener\"><strong>@expedsroberto<\/strong><\/a>.<\/p>\n<p>\u00bfEst\u00e1 la observaci\u00f3n de la aurora boreal en tu lista de deseos? \u00bfQu\u00e9 te parece vivirlo desde una isla privada en uno de los lugares m\u00e1s singulares del mundo? Echa un vistazo a su<a href=\"https:\/\/www.instagram.com\/auroraislandnwt\/\" target=\"_blank\" rel=\"noopener\"> <strong>Isla Aurora<\/strong><\/a> de Aurora.<\/p>\t\t\t\t\t\t\t\t<\/div>\n\t\t\t\t<\/div>\n\t\t\t\t\t<\/div>\n\t\t<\/div>\n\t\t\t\t<div class=\"elementor-column elementor-col-50 elementor-inner-column elementor-element elementor-element-0a84ddf\" data-id=\"0a84ddf\" data-element_type=\"column\" data-e-type=\"column\">\n\t\t\t<div class=\"elementor-widget-wrap elementor-element-populated\">\n\t\t\t\t\t\t<div class=\"elementor-element elementor-element-77d7174 elementor-widget elementor-widget-image\" data-id=\"77d7174\" data-element_type=\"widget\" data-e-type=\"widget\" data-widget_type=\"image.default\">\n\t\t\t\t<div class=\"elementor-widget-container\">\n\t\t\t\t\t\t\t\t\t\t\t\t\t\t\t<img fetchpriority=\"high\" decoding=\"async\" width=\"650\" height=\"650\" src=\"https:\/\/epiccamps.com\/wp-content\/uploads\/2023\/03\/image-Roberto.png\" class=\"attachment-large size-large wp-image-3252\" alt=\"Roberto Gibbons G\u00f3mez\" srcset=\"https:\/\/epiccamps.com\/wp-content\/uploads\/2023\/03\/image-Roberto.png 650w, https:\/\/epiccamps.com\/wp-content\/uploads\/2023\/03\/image-Roberto-300x300.png 300w, https:\/\/epiccamps.com\/wp-content\/uploads\/2023\/03\/image-Roberto-150x150.png 150w, https:\/\/epiccamps.com\/wp-content\/uploads\/2023\/03\/image-Roberto-170x170.png 170w, https:\/\/epiccamps.com\/wp-content\/uploads\/2023\/03\/image-Roberto-400x400.png 400w, https:\/\/epiccamps.com\/wp-content\/uploads\/2023\/03\/image-Roberto-200x200.png 200w\" sizes=\"(max-width: 650px) 100vw, 650px\" title=\"\">\t\t\t\t\t\t\t\t\t\t\t\t\t\t\t<\/div>\n\t\t\t\t<\/div>\n\t\t\t\t\t<\/div>\n\t\t<\/div>\n\t\t\t\t\t<\/div>\n\t\t<\/section>\n\t\t\t\t\t<\/div>\n\t\t<\/div>\n\t\t\t\t\t<\/div>\n\t\t<\/section>\n\t\t\t\t<\/div>\n\t\t","protected":false},"excerpt":{"rendered":"<p>\u00a1Sobrecarga de aventuras! EPIC CAMPS ha sido considerado como uno de los mejores campamentos de aventura de verano en Whistler, British Columbia, durante los \u00faltimos 5 a\u00f1os. Lleno de deportes al aire libre, contacto con la naturaleza y actividades atractivas dirigidas por un staff entusiasta, Epic Camps ofrece experiencias inolvidables para todos los participantes. El [&hellip;]<\/p>\n","protected":false},"author":1,"featured_media":0,"parent":0,"menu_order":0,"comment_status":"closed","ping_status":"closed","template":"","meta":{"footnotes":""},"class_list":["post-4822","page","type-page","status-publish","hentry"],"_links":{"self":[{"href":"https:\/\/epiccamps.com\/es\/wp-json\/wp\/v2\/pages\/4822","targetHints":{"allow":["GET"]}}],"collection":[{"href":"https:\/\/epiccamps.com\/es\/wp-json\/wp\/v2\/pages"}],"about":[{"href":"https:\/\/epiccamps.com\/es\/wp-json\/wp\/v2\/types\/page"}],"author":[{"embeddable":true,"href":"https:\/\/epiccamps.com\/es\/wp-json\/wp\/v2\/users\/1"}],"replies":[{"embeddable":true,"href":"https:\/\/epiccamps.com\/es\/wp-json\/wp\/v2\/comments?post=4822"}],"version-history":[{"count":11,"href":"https:\/\/epiccamps.com\/es\/wp-json\/wp\/v2\/pages\/4822\/revisions"}],"predecessor-version":[{"id":5975,"href":"https:\/\/epiccamps.com\/es\/wp-json\/wp\/v2\/pages\/4822\/revisions\/5975"}],"wp:attachment":[{"href":"https:\/\/epiccamps.com\/es\/wp-json\/wp\/v2\/media?parent=4822"}],"curies":[{"name":"wp","href":"https:\/\/api.w.org\/{rel}","templated":true}]}}